{"id":3905,"date":"2025-12-12T22:34:19","date_gmt":"2025-12-12T20:34:19","guid":{"rendered":"https:\/\/tilistudio.eu\/?post_type=product&#038;p=3905"},"modified":"2025-12-14T22:19:42","modified_gmt":"2025-12-14T20:19:42","slug":"samta-bante-ar-2-bumbuliem-sarkans-un-zals","status":"publish","type":"product","link":"https:\/\/tilistudio.eu\/en\/produkti\/samta-bante-ar-2-bumbuliem-sarkans-un-zals\/","title":{"rendered":"VELVET BOW &amp; 2 POM POMS - RED AND GREEN"},"content":{"rendered":"","protected":false},"excerpt":{"rendered":"<p>Elevate your hairstyle with this bold and versatile set of hair accessories! Two voluminous, soft faux fur pom poms (dark red and green) on elastic hair ties. They add playfulness and volume to any ponytail or bun. A classic black velvet bow hair tie with a shimmer. The bow is an excellent and elegant accent for more festive moments. This set offers a perfect blend of textures and styles, ideally suited for both everyday wear and celebratory looks. The set allows you to experiment by combining different textures. Wear them in your hair, or on your wrist.<\/p>\n<p><em>* Pom pom color may vary from picture<\/em><\/p>\n<p><em><strong>No returns are allowed on this product for hygienic purposes<\/strong><\/em><\/p>\n<ul>\n<li>100% polyester<\/li>\n<li>Made in the European Union<\/li>\n<li>elastic rubber<\/li>\n<li>size - 8 cm diameter<\/li>\n<li>kr\u0101sas &#8211; tum\u0161i sarkana, za\u013ca<\/li>\n<\/ul>","protected":false},"featured_media":3906,"comment_status":"open","ping_status":"closed","template":"","meta":{"_acf_changed":false},"dzimums":[26],"vecums":[68],"product_brand":[],"product_cat":[66,88],"product_tag":[],"class_list":{"0":"post-3905","1":"product","2":"type-product","3":"status-publish","4":"has-post-thumbnail","6":"dzimums-meitenes","7":"vecums-4-12-gadi","8":"product_cat-aksesuari","9":"product_cat-ipass-piedavajums","11":"first","12":"instock","13":"sale","14":"taxable","15":"shipping-taxable","16":"purchasable","17":"product-type-simple"},"acf":[],"_links":{"self":[{"href":"https:\/\/tilistudio.eu\/en\/wp-json\/wp\/v2\/product\/3905","targetHints":{"allow":["GET"]}}],"collection":[{"href":"https:\/\/tilistudio.eu\/en\/wp-json\/wp\/v2\/product"}],"about":[{"href":"https:\/\/tilistudio.eu\/en\/wp-json\/wp\/v2\/types\/product"}],"replies":[{"embeddable":true,"href":"https:\/\/tilistudio.eu\/en\/wp-json\/wp\/v2\/comments?post=3905"}],"wp:featuredmedia":[{"embeddable":true,"href":"https:\/\/tilistudio.eu\/en\/wp-json\/wp\/v2\/media\/3906"}],"wp:attachment":[{"href":"https:\/\/tilistudio.eu\/en\/wp-json\/wp\/v2\/media?parent=3905"}],"wp:term":[{"taxonomy":"dzimums","embeddable":true,"href":"https:\/\/tilistudio.eu\/en\/wp-json\/wp\/v2\/dzimums?post=3905"},{"taxonomy":"vecums","embeddable":true,"href":"https:\/\/tilistudio.eu\/en\/wp-json\/wp\/v2\/vecums?post=3905"},{"taxonomy":"product_brand","embeddable":true,"href":"https:\/\/tilistudio.eu\/en\/wp-json\/wp\/v2\/product_brand?post=3905"},{"taxonomy":"product_cat","embeddable":true,"href":"https:\/\/tilistudio.eu\/en\/wp-json\/wp\/v2\/product_cat?post=3905"},{"taxonomy":"product_tag","embeddable":true,"href":"https:\/\/tilistudio.eu\/en\/wp-json\/wp\/v2\/product_tag?post=3905"}],"curies":[{"name":"wp","href":"https:\/\/api.w.org\/{rel}","templated":true}]}}