{"id":3900,"date":"2025-12-12T20:43:48","date_gmt":"2025-12-12T18:43:48","guid":{"rendered":"https:\/\/tilistudio.eu\/?post_type=product&#038;p=3900"},"modified":"2026-01-15T16:13:12","modified_gmt":"2026-01-15T14:13:12","slug":"ziemas-aksesuaru-komplekts-samta-matu-bante-un-bumbuli","status":"publish","type":"product","link":"https:\/\/tilistudio.eu\/en\/produkti\/ziemas-aksesuaru-komplekts-samta-matu-bante-un-bumbuli\/","title":{"rendered":"AKSESU\u0100RU KOMPLEKTS &#8211; SAMTA BANTE UN MATU BUMBU\u013bI"},"content":{"rendered":"","protected":false},"excerpt":{"rendered":"<p>Accessory set with faux fur pom poms and a bow. Soft pom poms (dark red, dark blue, and green) on elastic hair ties. They will add playfulness and volume to any ponytail or bun. The set includes a black velvet bow with shimmer. The bow is an excellent and elegant accent for festive moments. This set offers a mix of textures and styles\u2014combine the pom pom with the bow to get an original style. Experiment with accessories, combining the variety of materials. Let this set be part of your joy every day!<\/p>\n<p><em>* Pom pom color may vary from picture<\/em><\/p>\n<p><em><strong>No returns are allowed on this product for hygienic purposes<\/strong><\/em><\/p>\n<ul>\n<li>100% polyester<\/li>\n<li>Made in the European Union<\/li>\n<li>elastic rubber<\/li>\n<li>size - 8 cm diameter<\/li>\n<li>kr\u0101sas &#8211; tum\u0161i sarkana, ol\u012bvza\u013ca, tum\u0161i zila<\/li>\n<\/ul>","protected":false},"featured_media":3901,"comment_status":"open","ping_status":"closed","template":"","meta":{"_acf_changed":false},"dzimums":[26],"vecums":[68],"product_brand":[],"product_cat":[66,88],"product_tag":[],"class_list":{"0":"post-3900","1":"product","2":"type-product","3":"status-publish","4":"has-post-thumbnail","6":"dzimums-meitenes","7":"vecums-4-12-gadi","8":"product_cat-aksesuari","9":"product_cat-ipass-piedavajums","11":"first","12":"instock","13":"sale","14":"taxable","15":"shipping-taxable","16":"purchasable","17":"product-type-simple"},"acf":[],"_links":{"self":[{"href":"https:\/\/tilistudio.eu\/en\/wp-json\/wp\/v2\/product\/3900","targetHints":{"allow":["GET"]}}],"collection":[{"href":"https:\/\/tilistudio.eu\/en\/wp-json\/wp\/v2\/product"}],"about":[{"href":"https:\/\/tilistudio.eu\/en\/wp-json\/wp\/v2\/types\/product"}],"replies":[{"embeddable":true,"href":"https:\/\/tilistudio.eu\/en\/wp-json\/wp\/v2\/comments?post=3900"}],"wp:featuredmedia":[{"embeddable":true,"href":"https:\/\/tilistudio.eu\/en\/wp-json\/wp\/v2\/media\/3901"}],"wp:attachment":[{"href":"https:\/\/tilistudio.eu\/en\/wp-json\/wp\/v2\/media?parent=3900"}],"wp:term":[{"taxonomy":"dzimums","embeddable":true,"href":"https:\/\/tilistudio.eu\/en\/wp-json\/wp\/v2\/dzimums?post=3900"},{"taxonomy":"vecums","embeddable":true,"href":"https:\/\/tilistudio.eu\/en\/wp-json\/wp\/v2\/vecums?post=3900"},{"taxonomy":"product_brand","embeddable":true,"href":"https:\/\/tilistudio.eu\/en\/wp-json\/wp\/v2\/product_brand?post=3900"},{"taxonomy":"product_cat","embeddable":true,"href":"https:\/\/tilistudio.eu\/en\/wp-json\/wp\/v2\/product_cat?post=3900"},{"taxonomy":"product_tag","embeddable":true,"href":"https:\/\/tilistudio.eu\/en\/wp-json\/wp\/v2\/product_tag?post=3900"}],"curies":[{"name":"wp","href":"https:\/\/api.w.org\/{rel}","templated":true}]}}