{"id":3864,"date":"2025-12-09T16:06:54","date_gmt":"2025-12-09T14:06:54","guid":{"rendered":"https:\/\/tilistudio.eu\/?post_type=product&#038;p=3864"},"modified":"2025-12-15T00:39:46","modified_gmt":"2025-12-14T22:39:46","slug":"pukaina-gaisi-roza-samta-kleita-oga","status":"publish","type":"product","link":"https:\/\/tilistudio.eu\/en\/produkti\/pukaina-gaisi-roza-samta-kleita-oga\/","title":{"rendered":"VELVET DRESS SOFT PINK, VERY BERRY"},"content":{"rendered":"","protected":false},"excerpt":{"rendered":"<p>A charming and unforgettable dress for special occasions that combines elegance with playfulness. The dreamy pastel pink color and warm faux fur in a dark red Pomegranate tone give the dress a cozy feel. The dress is suitable for Christmas parties, birthdays, photo shoots, or other celebrations where you need to stand out. This dress is a combination of luxury and comfort, creating a truly fabulous look.<\/p>\n<ul>\n<li>100% polyester<\/li>\n<li>Lining 100% cotton<\/li>\n<li>Made in the European Union<\/li>\n<li>fabric - light pink velvet<\/li>\n<li>apak\u0161mala &#8211; m\u0101ksl\u012bga ka\u017eok\u0101da, tum\u0161i sarkana<\/li>\n<li>short sleeves<\/li>\n<li>zipper at the back<\/li>\n<li>3 decorative velvet ribbons<\/li>\n<li>Product color may vary from picture<\/li>\n<\/ul>","protected":false},"featured_media":3873,"comment_status":"open","ping_status":"closed","template":"","meta":{"_acf_changed":false},"dzimums":[26],"vecums":[68],"product_brand":[],"product_cat":[21],"product_tag":[],"class_list":{"0":"post-3864","1":"product","2":"type-product","3":"status-publish","4":"has-post-thumbnail","6":"dzimums-meitenes","7":"vecums-4-12-gadi","8":"product_cat-kleitas","10":"first","11":"instock","12":"taxable","13":"shipping-taxable","14":"purchasable","15":"product-type-variable","16":"has-default-attributes"},"acf":[],"_links":{"self":[{"href":"https:\/\/tilistudio.eu\/en\/wp-json\/wp\/v2\/product\/3864","targetHints":{"allow":["GET"]}}],"collection":[{"href":"https:\/\/tilistudio.eu\/en\/wp-json\/wp\/v2\/product"}],"about":[{"href":"https:\/\/tilistudio.eu\/en\/wp-json\/wp\/v2\/types\/product"}],"replies":[{"embeddable":true,"href":"https:\/\/tilistudio.eu\/en\/wp-json\/wp\/v2\/comments?post=3864"}],"wp:featuredmedia":[{"embeddable":true,"href":"https:\/\/tilistudio.eu\/en\/wp-json\/wp\/v2\/media\/3873"}],"wp:attachment":[{"href":"https:\/\/tilistudio.eu\/en\/wp-json\/wp\/v2\/media?parent=3864"}],"wp:term":[{"taxonomy":"dzimums","embeddable":true,"href":"https:\/\/tilistudio.eu\/en\/wp-json\/wp\/v2\/dzimums?post=3864"},{"taxonomy":"vecums","embeddable":true,"href":"https:\/\/tilistudio.eu\/en\/wp-json\/wp\/v2\/vecums?post=3864"},{"taxonomy":"product_brand","embeddable":true,"href":"https:\/\/tilistudio.eu\/en\/wp-json\/wp\/v2\/product_brand?post=3864"},{"taxonomy":"product_cat","embeddable":true,"href":"https:\/\/tilistudio.eu\/en\/wp-json\/wp\/v2\/product_cat?post=3864"},{"taxonomy":"product_tag","embeddable":true,"href":"https:\/\/tilistudio.eu\/en\/wp-json\/wp\/v2\/product_tag?post=3864"}],"curies":[{"name":"wp","href":"https:\/\/api.w.org\/{rel}","templated":true}]}}