{"id":2802,"date":"2025-03-03T22:02:00","date_gmt":"2025-03-03T20:02:00","guid":{"rendered":"https:\/\/tilistudio.eu\/?post_type=product&#038;p=2802"},"modified":"2025-12-03T17:58:13","modified_gmt":"2025-12-03T15:58:13","slug":"matu-lenta-bandana-vienkrasaina-2","status":"publish","type":"product","link":"https:\/\/tilistudio.eu\/en\/produkti\/matu-lenta-bandana-vienkrasaina-2\/","title":{"rendered":"BANDANA, ONE COLOR"},"content":{"rendered":"","protected":false},"excerpt":{"rendered":"<p>\u0160\u012b vienkr\u0101sain\u0101 matu lenta ir izgatavota no m\u012bkstas kokvilnas, kas ir ar vieglu burz\u012bjuma efektu. Ide\u0101ls akcents TILI ap\u0123\u0113rbam.<\/p>\n<ul>\n<li>100% cotton<\/li>\n<li>Made in the European Union<\/li>\n<li>fabric with a crinkled effect<\/li>\n<li>elastic ribbon<\/li>\n<li>available in various colors<\/li>\n<\/ul>","protected":false},"featured_media":2803,"comment_status":"open","ping_status":"closed","template":"","meta":{"_acf_changed":false},"dzimums":[26],"vecums":[67,68],"product_brand":[],"product_cat":[66],"product_tag":[],"class_list":{"0":"post-2802","1":"product","2":"type-product","3":"status-publish","4":"has-post-thumbnail","6":"dzimums-meitenes","7":"vecums-0-3-gadi","8":"vecums-4-12-gadi","9":"product_cat-aksesuari","11":"first","12":"instock","13":"taxable","14":"shipping-taxable","15":"purchasable","16":"product-type-variable","17":"has-default-attributes"},"acf":[],"_links":{"self":[{"href":"https:\/\/tilistudio.eu\/en\/wp-json\/wp\/v2\/product\/2802","targetHints":{"allow":["GET"]}}],"collection":[{"href":"https:\/\/tilistudio.eu\/en\/wp-json\/wp\/v2\/product"}],"about":[{"href":"https:\/\/tilistudio.eu\/en\/wp-json\/wp\/v2\/types\/product"}],"replies":[{"embeddable":true,"href":"https:\/\/tilistudio.eu\/en\/wp-json\/wp\/v2\/comments?post=2802"}],"wp:featuredmedia":[{"embeddable":true,"href":"https:\/\/tilistudio.eu\/en\/wp-json\/wp\/v2\/media\/2803"}],"wp:attachment":[{"href":"https:\/\/tilistudio.eu\/en\/wp-json\/wp\/v2\/media?parent=2802"}],"wp:term":[{"taxonomy":"dzimums","embeddable":true,"href":"https:\/\/tilistudio.eu\/en\/wp-json\/wp\/v2\/dzimums?post=2802"},{"taxonomy":"vecums","embeddable":true,"href":"https:\/\/tilistudio.eu\/en\/wp-json\/wp\/v2\/vecums?post=2802"},{"taxonomy":"product_brand","embeddable":true,"href":"https:\/\/tilistudio.eu\/en\/wp-json\/wp\/v2\/product_brand?post=2802"},{"taxonomy":"product_cat","embeddable":true,"href":"https:\/\/tilistudio.eu\/en\/wp-json\/wp\/v2\/product_cat?post=2802"},{"taxonomy":"product_tag","embeddable":true,"href":"https:\/\/tilistudio.eu\/en\/wp-json\/wp\/v2\/product_tag?post=2802"}],"curies":[{"name":"wp","href":"https:\/\/api.w.org\/{rel}","templated":true}]}}