{"id":1717,"date":"2025-02-23T18:46:55","date_gmt":"2025-02-23T16:46:55","guid":{"rendered":"https:\/\/tilistudio.eu\/?post_type=product&#038;p=1717"},"modified":"2025-05-02T22:12:39","modified_gmt":"2025-05-02T19:12:39","slug":"kokvilnas-kleita-ar-lencem-rosalie","status":"publish","type":"product","link":"https:\/\/tilistudio.eu\/en\/produkti\/kokvilnas-kleita-ar-lencem-rosalie\/","title":{"rendered":"SOFT COTTON DRESS WITH TIES, ROSALIE"},"content":{"rendered":"","protected":false},"excerpt":{"rendered":"<ul>\n<li>100% cotton<\/li>\n<li>Made in the European Union<\/li>\n<li>no closure<\/li>\n<li>fabric with a crinkled effect<\/li>\n<li>voluminous skirt<\/li>\n<li>multiple layers of ruffles<\/li>\n<li>self-tie shoulder straps<\/li>\n<li>available in various colors<\/li>\n<\/ul>\n<p>Kleitas salikums ir baltas lences un pamatkr\u0101sa. Pamatkr\u0101su var izv\u0113l\u0113ties p\u0113c saviem ieskatiem.<\/p>\n<p>Kombin\u0113 kop\u0101 ar pieska\u0146otas kr\u0101sas matu gumiju banti vai matu lentu.<\/p>","protected":false},"featured_media":1719,"comment_status":"open","ping_status":"closed","template":"","meta":{"_acf_changed":false},"dzimums":[26],"vecums":[68],"product_brand":[],"product_cat":[21],"product_tag":[],"class_list":{"0":"post-1717","1":"product","2":"type-product","3":"status-publish","4":"has-post-thumbnail","6":"dzimums-meitenes","7":"vecums-4-12-gadi","8":"product_cat-kleitas","10":"first","11":"instock","12":"taxable","13":"shipping-taxable","14":"purchasable","15":"product-type-variable","16":"has-default-attributes"},"acf":[],"_links":{"self":[{"href":"https:\/\/tilistudio.eu\/en\/wp-json\/wp\/v2\/product\/1717","targetHints":{"allow":["GET"]}}],"collection":[{"href":"https:\/\/tilistudio.eu\/en\/wp-json\/wp\/v2\/product"}],"about":[{"href":"https:\/\/tilistudio.eu\/en\/wp-json\/wp\/v2\/types\/product"}],"replies":[{"embeddable":true,"href":"https:\/\/tilistudio.eu\/en\/wp-json\/wp\/v2\/comments?post=1717"}],"wp:featuredmedia":[{"embeddable":true,"href":"https:\/\/tilistudio.eu\/en\/wp-json\/wp\/v2\/media\/1719"}],"wp:attachment":[{"href":"https:\/\/tilistudio.eu\/en\/wp-json\/wp\/v2\/media?parent=1717"}],"wp:term":[{"taxonomy":"dzimums","embeddable":true,"href":"https:\/\/tilistudio.eu\/en\/wp-json\/wp\/v2\/dzimums?post=1717"},{"taxonomy":"vecums","embeddable":true,"href":"https:\/\/tilistudio.eu\/en\/wp-json\/wp\/v2\/vecums?post=1717"},{"taxonomy":"product_brand","embeddable":true,"href":"https:\/\/tilistudio.eu\/en\/wp-json\/wp\/v2\/product_brand?post=1717"},{"taxonomy":"product_cat","embeddable":true,"href":"https:\/\/tilistudio.eu\/en\/wp-json\/wp\/v2\/product_cat?post=1717"},{"taxonomy":"product_tag","embeddable":true,"href":"https:\/\/tilistudio.eu\/en\/wp-json\/wp\/v2\/product_tag?post=1717"}],"curies":[{"name":"wp","href":"https:\/\/api.w.org\/{rel}","templated":true}]}}