{"id":30,"date":"2024-12-19T19:23:14","date_gmt":"2024-12-19T17:23:14","guid":{"rendered":"https:\/\/tilistudio.eu\/?page_id=30"},"modified":"2026-02-22T17:46:55","modified_gmt":"2026-02-22T15:46:55","slug":"kolekcijas","status":"publish","type":"page","link":"https:\/\/tilistudio.eu\/en\/kolekcijas\/","title":{"rendered":"COLLECTIONS"},"content":{"rendered":"<div><div class=\"gb-looper-143ca8f0\">\n<article class=\"gb-loop-item post-3140 kolekcija type-kolekcija status-publish has-post-thumbnail hentry\">\n<a class=\"gb-element-c08a311e\" href=\"https:\/\/tilistudio.eu\/en\/kolekcija\/kolekcija-2\/\">\n<img loading=\"lazy\" decoding=\"async\" width=\"1500\" height=\"2000\" alt=\"\" data-media-id=\"1089\" class=\"gb-media-27d17ece\" src=\"https:\/\/tilistudio.eu\/wp-content\/uploads\/2024\/12\/tili_kokvilnas_kreklkleita_meitenem_vasara_-1.jpg\" srcset=\"https:\/\/tilistudio.eu\/wp-content\/uploads\/2024\/12\/tili_kokvilnas_kreklkleita_meitenem_vasara_-1.jpg 1500w, https:\/\/tilistudio.eu\/wp-content\/uploads\/2024\/12\/tili_kokvilnas_kreklkleita_meitenem_vasara_-1-1200x1600.jpg 1200w, https:\/\/tilistudio.eu\/wp-content\/uploads\/2024\/12\/tili_kokvilnas_kreklkleita_meitenem_vasara_-1-225x300.jpg 225w, https:\/\/tilistudio.eu\/wp-content\/uploads\/2024\/12\/tili_kokvilnas_kreklkleita_meitenem_vasara_-1-768x1024.jpg 768w, https:\/\/tilistudio.eu\/wp-content\/uploads\/2024\/12\/tili_kokvilnas_kreklkleita_meitenem_vasara_-1-1152x1536.jpg 1152w, https:\/\/tilistudio.eu\/wp-content\/uploads\/2024\/12\/tili_kokvilnas_kreklkleita_meitenem_vasara_-1-9x12.jpg 9w\" sizes=\"auto, (max-width: 1500px) 100vw, 1500px\" \/>\n\n\n\n<h2 class=\"gb-text gb-text-bfd016e9\">BANTES UN VOL\u0100NI<\/h2>\n<\/a>\n<\/article>\n\n<article class=\"gb-loop-item post-3241 kolekcija type-kolekcija status-publish has-post-thumbnail hentry\">\n<a class=\"gb-element-c08a311e\" href=\"https:\/\/tilistudio.eu\/en\/kolekcija\/kolekcija-4\/\">\n<img loading=\"lazy\" decoding=\"async\" width=\"998\" height=\"1500\" alt=\"\" data-media-id=\"2643\" class=\"gb-media-27d17ece\" src=\"https:\/\/tilistudio.eu\/wp-content\/uploads\/2025\/03\/tili_svarki_ar_volaniem_meitenem.jpg\" srcset=\"https:\/\/tilistudio.eu\/wp-content\/uploads\/2025\/03\/tili_svarki_ar_volaniem_meitenem.jpg 998w, https:\/\/tilistudio.eu\/wp-content\/uploads\/2025\/03\/tili_svarki_ar_volaniem_meitenem-200x300.jpg 200w, https:\/\/tilistudio.eu\/wp-content\/uploads\/2025\/03\/tili_svarki_ar_volaniem_meitenem-681x1024.jpg 681w, https:\/\/tilistudio.eu\/wp-content\/uploads\/2025\/03\/tili_svarki_ar_volaniem_meitenem-768x1154.jpg 768w, https:\/\/tilistudio.eu\/wp-content\/uploads\/2025\/03\/tili_svarki_ar_volaniem_meitenem-8x12.jpg 8w\" sizes=\"auto, (max-width: 998px) 100vw, 998px\" \/>\n\n\n\n<h2 class=\"gb-text gb-text-bfd016e9\">BR\u012aVDIENAS PIE OMES<\/h2>\n<\/a>\n<\/article>\n\n<article class=\"gb-loop-item post-3248 kolekcija type-kolekcija status-publish has-post-thumbnail hentry\">\n<a class=\"gb-element-c08a311e\" href=\"https:\/\/tilistudio.eu\/en\/kolekcija\/kolekcija-5\/\">\n<img loading=\"lazy\" decoding=\"async\" width=\"1067\" height=\"1600\" alt=\"Faux fur lardge pom pom\" data-media-id=\"3282\" class=\"gb-media-27d17ece\" src=\"https:\/\/tilistudio.eu\/wp-content\/uploads\/2025\/04\/tili_studio_girls_skirt_satin_blouse.jpg\" srcset=\"https:\/\/tilistudio.eu\/wp-content\/uploads\/2025\/04\/tili_studio_girls_skirt_satin_blouse.jpg 1067w, https:\/\/tilistudio.eu\/wp-content\/uploads\/2025\/04\/tili_studio_girls_skirt_satin_blouse-200x300.jpg 200w, https:\/\/tilistudio.eu\/wp-content\/uploads\/2025\/04\/tili_studio_girls_skirt_satin_blouse-683x1024.jpg 683w, https:\/\/tilistudio.eu\/wp-content\/uploads\/2025\/04\/tili_studio_girls_skirt_satin_blouse-768x1152.jpg 768w, https:\/\/tilistudio.eu\/wp-content\/uploads\/2025\/04\/tili_studio_girls_skirt_satin_blouse-1024x1536.jpg 1024w, https:\/\/tilistudio.eu\/wp-content\/uploads\/2025\/04\/tili_studio_girls_skirt_satin_blouse-8x12.jpg 8w\" sizes=\"auto, (max-width: 1067px) 100vw, 1067px\" \/>\n\n\n\n<h2 class=\"gb-text gb-text-bfd016e9\">IZV\u0112LIES PRIEKU<\/h2>\n<\/a>\n<\/article>\n\n<article class=\"gb-loop-item post-3213 kolekcija type-kolekcija status-publish has-post-thumbnail hentry\">\n<a class=\"gb-element-c08a311e\" href=\"https:\/\/tilistudio.eu\/en\/kolekcija\/kolekcija-3\/\">\n<img loading=\"lazy\" decoding=\"async\" width=\"798\" height=\"1200\" alt=\"\" data-media-id=\"3231\" class=\"gb-media-27d17ece\" src=\"https:\/\/tilistudio.eu\/wp-content\/uploads\/2025\/04\/tili_studio_girls_satin_dress_2.jpg\" srcset=\"https:\/\/tilistudio.eu\/wp-content\/uploads\/2025\/04\/tili_studio_girls_satin_dress_2.jpg 798w, https:\/\/tilistudio.eu\/wp-content\/uploads\/2025\/04\/tili_studio_girls_satin_dress_2-200x300.jpg 200w, https:\/\/tilistudio.eu\/wp-content\/uploads\/2025\/04\/tili_studio_girls_satin_dress_2-681x1024.jpg 681w, https:\/\/tilistudio.eu\/wp-content\/uploads\/2025\/04\/tili_studio_girls_satin_dress_2-768x1155.jpg 768w, https:\/\/tilistudio.eu\/wp-content\/uploads\/2025\/04\/tili_studio_girls_satin_dress_2-8x12.jpg 8w\" sizes=\"auto, (max-width: 798px) 100vw, 798px\" \/>\n\n\n\n<h2 class=\"gb-text gb-text-bfd016e9\">M\u0100J\u012aGI UN \u0112RTI<\/h2>\n<\/a>\n<\/article>\n\n<article class=\"gb-loop-item post-3341 kolekcija type-kolekcija status-publish has-post-thumbnail hentry\">\n<a class=\"gb-element-c08a311e\" href=\"https:\/\/tilistudio.eu\/en\/kolekcija\/kolekcija-0\/\">\n<img loading=\"lazy\" decoding=\"async\" width=\"1094\" height=\"1642\" alt=\"\" data-media-id=\"3343\" class=\"gb-media-27d17ece\" src=\"https:\/\/tilistudio.eu\/wp-content\/uploads\/2025\/04\/tili_studio_jacquard_dress_3.jpg\" srcset=\"https:\/\/tilistudio.eu\/wp-content\/uploads\/2025\/04\/tili_studio_jacquard_dress_3.jpg 1094w, https:\/\/tilistudio.eu\/wp-content\/uploads\/2025\/04\/tili_studio_jacquard_dress_3-200x300.jpg 200w, https:\/\/tilistudio.eu\/wp-content\/uploads\/2025\/04\/tili_studio_jacquard_dress_3-682x1024.jpg 682w, https:\/\/tilistudio.eu\/wp-content\/uploads\/2025\/04\/tili_studio_jacquard_dress_3-768x1153.jpg 768w, https:\/\/tilistudio.eu\/wp-content\/uploads\/2025\/04\/tili_studio_jacquard_dress_3-1023x1536.jpg 1023w, https:\/\/tilistudio.eu\/wp-content\/uploads\/2025\/04\/tili_studio_jacquard_dress_3-8x12.jpg 8w\" sizes=\"auto, (max-width: 1094px) 100vw, 1094px\" \/>\n\n\n\n<h2 class=\"gb-text gb-text-bfd016e9\">HERB\u0100RIJS<\/h2>\n<\/a>\n<\/article>\n\n<article class=\"gb-loop-item post-2993 kolekcija type-kolekcija status-publish has-post-thumbnail hentry\">\n<a class=\"gb-element-c08a311e\" href=\"https:\/\/tilistudio.eu\/en\/kolekcija\/kolekcija-1\/\">\n<img loading=\"lazy\" decoding=\"async\" width=\"1744\" height=\"1744\" alt=\"\" data-media-id=\"3373\" class=\"gb-media-27d17ece\" src=\"https:\/\/tilistudio.eu\/wp-content\/uploads\/2025\/04\/tili_studio_cotton_dress_2.jpg\" srcset=\"https:\/\/tilistudio.eu\/wp-content\/uploads\/2025\/04\/tili_studio_cotton_dress_2.jpg 1744w, https:\/\/tilistudio.eu\/wp-content\/uploads\/2025\/04\/tili_studio_cotton_dress_2-300x300.jpg 300w, https:\/\/tilistudio.eu\/wp-content\/uploads\/2025\/04\/tili_studio_cotton_dress_2-1024x1024.jpg 1024w, https:\/\/tilistudio.eu\/wp-content\/uploads\/2025\/04\/tili_studio_cotton_dress_2-150x150.jpg 150w, https:\/\/tilistudio.eu\/wp-content\/uploads\/2025\/04\/tili_studio_cotton_dress_2-768x768.jpg 768w, https:\/\/tilistudio.eu\/wp-content\/uploads\/2025\/04\/tili_studio_cotton_dress_2-1536x1536.jpg 1536w, https:\/\/tilistudio.eu\/wp-content\/uploads\/2025\/04\/tili_studio_cotton_dress_2-12x12.jpg 12w, https:\/\/tilistudio.eu\/wp-content\/uploads\/2025\/04\/tili_studio_cotton_dress_2-1200x1200.jpg 1200w, https:\/\/tilistudio.eu\/wp-content\/uploads\/2025\/04\/tili_studio_cotton_dress_2-100x100.jpg 100w\" sizes=\"auto, (max-width: 1744px) 100vw, 1744px\" \/>\n\n\n\n<h2 class=\"gb-text gb-text-bfd016e9\">PARKOS UN PAGALMOS<\/h2>\n<\/a>\n<\/article>\n<\/div><\/div>","protected":false},"excerpt":{"rendered":"","protected":false},"author":1,"featured_media":0,"parent":0,"menu_order":0,"comment_status":"closed","ping_status":"closed","template":"","meta":{"_acf_changed":false,"footnotes":""},"class_list":["post-30","page","type-page","status-publish","hentry"],"blocksy_meta":[],"acf":[],"_links":{"self":[{"href":"https:\/\/tilistudio.eu\/en\/wp-json\/wp\/v2\/pages\/30","targetHints":{"allow":["GET"]}}],"collection":[{"href":"https:\/\/tilistudio.eu\/en\/wp-json\/wp\/v2\/pages"}],"about":[{"href":"https:\/\/tilistudio.eu\/en\/wp-json\/wp\/v2\/types\/page"}],"author":[{"embeddable":true,"href":"https:\/\/tilistudio.eu\/en\/wp-json\/wp\/v2\/users\/1"}],"replies":[{"embeddable":true,"href":"https:\/\/tilistudio.eu\/en\/wp-json\/wp\/v2\/comments?post=30"}],"version-history":[{"count":15,"href":"https:\/\/tilistudio.eu\/en\/wp-json\/wp\/v2\/pages\/30\/revisions"}],"predecessor-version":[{"id":3512,"href":"https:\/\/tilistudio.eu\/en\/wp-json\/wp\/v2\/pages\/30\/revisions\/3512"}],"wp:attachment":[{"href":"https:\/\/tilistudio.eu\/en\/wp-json\/wp\/v2\/media?parent=30"}],"curies":[{"name":"wp","href":"https:\/\/api.w.org\/{rel}","templated":true}]}}