{"id":24,"date":"2024-12-19T19:16:54","date_gmt":"2024-12-19T17:16:54","guid":{"rendered":"https:\/\/tilistudio.eu\/?page_id=24"},"modified":"2026-02-22T18:37:54","modified_gmt":"2026-02-22T16:37:54","slug":"par","status":"publish","type":"page","link":"https:\/\/tilistudio.eu\/en\/par\/","title":{"rendered":"ABOUT"},"content":{"rendered":"<div>\n<div class=\"gb-element-6eefade1\">\n<p class=\"gb-text gb-text-9f994367\">A lost dragonfly once landed on my palm, I held my breath so I could watch for longer how its wings sparkle and its crystal tummy moves. Could I catch it and hold it captive? We are actually so much alike \u2013 colourful, bright, untameable and constantly changing. She \u2013 up in the air, but me \u2013 on the ground. How I wish I could capture this endless beauty and share it with others, so they could also see and feel the same as I do!<\/p>\n\n\n\n<p class=\"gb-text gb-text-6c3e6b16\"><strong>DO YOU KNOW WHAT JOY LOOKS LIKE?<\/strong><br>It has many faces and it is colourful. Sometimes its transparent, sometimes it\u2019s hiding in the grass, puddles or sun bunnies. Sometimes it comes unexpected. It turns out it is baked in strawberry cakes or frozen in a wild berry ice cream. Joy can also be worn whenever and wherever you wish. It can be handed over or kept for later so that those who come after me, can also receive all the beauty in the world!<\/p>\n\n\n\n<p class=\"gb-text gb-text-2ab42323\"><strong>BRIGHTENS YOUR PERSONALITY<\/strong><br>TILI brings out any girl\u2019s personality. She is special. Unique. No matter where she goes \u2013 to lunch with her father, shopping with her mom, with grandma and grandpa to feed pigeons in the park, or just jumping in puddles with her brother \u2013 in TILI clothing she always looks stunning! Oh, yes, and sometimes she falls asleep in her TILI dress, so that she could have the most amazing dreams.<\/p>\n\n\n\n<img loading=\"lazy\" decoding=\"async\" width=\"1707\" height=\"2560\" class=\"gb-media-6d7565ce\" src=\"https:\/\/tilistudio.eu\/wp-content\/uploads\/2025\/03\/Inese75_a-scaled.jpg\" title=\"Inese75_a\" srcset=\"https:\/\/tilistudio.eu\/wp-content\/uploads\/2025\/03\/Inese75_a-scaled.jpg 1707w, https:\/\/tilistudio.eu\/wp-content\/uploads\/2025\/03\/Inese75_a-200x300.jpg 200w, https:\/\/tilistudio.eu\/wp-content\/uploads\/2025\/03\/Inese75_a-683x1024.jpg 683w, https:\/\/tilistudio.eu\/wp-content\/uploads\/2025\/03\/Inese75_a-768x1152.jpg 768w, https:\/\/tilistudio.eu\/wp-content\/uploads\/2025\/03\/Inese75_a-1024x1536.jpg 1024w, https:\/\/tilistudio.eu\/wp-content\/uploads\/2025\/03\/Inese75_a-1365x2048.jpg 1365w, https:\/\/tilistudio.eu\/wp-content\/uploads\/2025\/03\/Inese75_a-8x12.jpg 8w, https:\/\/tilistudio.eu\/wp-content\/uploads\/2025\/03\/Inese75_a-1200x1800.jpg 1200w\" sizes=\"auto, (max-width: 1707px) 100vw, 1707px\" \/>\n\n\n\n<p class=\"gb-text gb-text-47fba3da\"><strong>INESE OSITE<\/strong><\/p>\n\n\n\n<p class=\"gb-text gb-text-051490b4\">CREATIVE DIRECTOR \/ MOTHER OF LORETA ENIA and PERLE<\/p>\n\n\n\n<p class=\"gb-text gb-text-43c8b51d\">My mother\u2019s closet. On the hanger sits a yellow, slightly transparent dress with a sun cut. Hanging over it a wool coat in cocoa colour, with a cross print and a fur collar. Some high-heel shoes. Lace that my grandmother left. In the childhood I learned the finest handicrafts, and they are now my inherited knowledge and skills. All this eighteen years ago inspired me to seek education in design. It made me interested in fashion, interior design, colours, shapes and forms. Genuineness. In people and in their stories. In photographs and emotions. &nbsp;<\/p>\n\n\n\n<p class=\"gb-text gb-text-6d617b13\"><strong>TILI IS A TRUE CONTINUATION OF MY UNDERSTANDING AND FEELING OF BEAUTY. TILI IS A STORY TO BE INHERITED. FOLD IT IN A BOX WHEN IT STOPS FITTING YOU AND PASS IT ON TO THE NEXT GENERATION!<\/strong><\/p>\n<\/div>\n<\/div>","protected":false},"excerpt":{"rendered":"<p>Apmald\u012bjusies sp\u0101re reiz uzlaid\u0101s man uz plaukstas. Es aiztur\u0113ju elpu, lai var\u0113tu ilg\u0101k v\u0113rot, k\u0101 vizu\u013co t\u0101s z\u012bda sp\u0101rni un cil\u0101jas krist\u0101la adatas v\u0113deri\u0146\u0161. Vai t\u0101du var no\u0137ert un tur\u0113t g\u016bst\u0101? M\u0113s paties\u012bb\u0101 esam tik l\u012bdz\u012bgas \u2013 kr\u0101sainas, spo\u017eas, nenotveramas un main\u012bgas. Vi\u0146a \u2013 gais\u0101, bet es \u2013 uz zemes. Kaut var\u0113tu visu \u0161o bezizm\u0113ra [&hellip;]<\/p>","protected":false},"author":1,"featured_media":0,"parent":0,"menu_order":0,"comment_status":"closed","ping_status":"closed","template":"","meta":{"_acf_changed":false,"footnotes":""},"class_list":["post-24","page","type-page","status-publish","hentry"],"blocksy_meta":{"has_hero_section":"enabled","hero_elements":[{"id":"custom_title","enabled":true,"heading_tag":"h1","title":"Home","__id":"bRztqh4I0iyhwGDdeR754"},{"id":"custom_description","enabled":false,"description_visibility":{"desktop":true,"tablet":true,"mobile":false},"__id":"asx1AjrjF67loVhLl1PpV"},{"id":"custom_meta","enabled":false,"meta_elements":[{"id":"author","enabled":true,"label":"By","has_author_avatar":"yes","avatar_size":25},{"id":"post_date","enabled":true,"label":"On","date_format_source":"default","date_format":"M j, Y"},{"id":"updated_date","enabled":false,"label":"On","date_format_source":"default","date_format":"M j, Y"},{"id":"categories","enabled":false,"label":"In","style":"simple"},{"id":"comments","enabled":true}],"page_meta_elements":{"joined":true,"articles_count":true,"comments":true},"__id":"zA0W3MByv6CRtIRMq1pa-"},{"id":"breadcrumbs","enabled":false,"__id":"4BFh966FYFpTMGiRaqeS5"},{"id":"content-block","enabled":false,"__id":"mi4fWS5n_7WrLUHLtgRMw"}],"hero_alignment1":"center","styles_descriptor":{"styles":{"desktop":"[data-prefix=\"single_page\"] .entry-header .page-title {--theme-text-transform:uppercase;--theme-font-size:30px;} [data-prefix=\"single_page\"] .entry-header .entry-meta {--theme-font-weight:600;--theme-text-transform:uppercase;--theme-font-size:12px;--theme-line-height:1.3;} [data-prefix=\"single_page\"] .hero-section[data-type=\"type-1\"] {--alignment:center;}","tablet":"","mobile":""},"google_fonts":{"Montserrat":["n4","n6"]},"version":6},"pageTitleFont":{"family":"Default","variation":"Default","size":"30px","line-height":"CT_CSS_SKIP_RULE","letter-spacing":"CT_CSS_SKIP_RULE","text-transform":"uppercase","text-decoration":"CT_CSS_SKIP_RULE"}},"acf":[],"_links":{"self":[{"href":"https:\/\/tilistudio.eu\/en\/wp-json\/wp\/v2\/pages\/24","targetHints":{"allow":["GET"]}}],"collection":[{"href":"https:\/\/tilistudio.eu\/en\/wp-json\/wp\/v2\/pages"}],"about":[{"href":"https:\/\/tilistudio.eu\/en\/wp-json\/wp\/v2\/types\/page"}],"author":[{"embeddable":true,"href":"https:\/\/tilistudio.eu\/en\/wp-json\/wp\/v2\/users\/1"}],"replies":[{"embeddable":true,"href":"https:\/\/tilistudio.eu\/en\/wp-json\/wp\/v2\/comments?post=24"}],"version-history":[{"count":8,"href":"https:\/\/tilistudio.eu\/en\/wp-json\/wp\/v2\/pages\/24\/revisions"}],"predecessor-version":[{"id":3186,"href":"https:\/\/tilistudio.eu\/en\/wp-json\/wp\/v2\/pages\/24\/revisions\/3186"}],"wp:attachment":[{"href":"https:\/\/tilistudio.eu\/en\/wp-json\/wp\/v2\/media?parent=24"}],"curies":[{"name":"wp","href":"https:\/\/api.w.org\/{rel}","templated":true}]}}