{"id":2,"date":"2024-12-19T15:32:24","date_gmt":"2024-12-19T15:32:24","guid":{"rendered":"https:\/\/tilistudio.eu\/?page_id=2"},"modified":"2026-02-26T11:23:49","modified_gmt":"2026-02-26T09:23:49","slug":"sakums","status":"publish","type":"page","link":"https:\/\/tilistudio.eu\/en\/","title":{"rendered":"S\u0101kums"},"content":{"rendered":"<a class=\"gb-element-5df6a5e2  alignfull\" style=\"--inline-bg-image: url(https:\/\/tilistudio.eu\/wp-content\/uploads\/2025\/04\/tili_studio_new_season_1.jpg)\" href=\"https:\/\/tilistudio.eu\/en\/veikals\/\">\n<img decoding=\"async\" class=\"gb-media-5c2bfe98\" src=\"https:\/\/tilistudio.eu\/wp-content\/uploads\/2025\/05\/the-new-1.svg\" title=\"the new (1)\"\/>\n<\/a>\n\n\n\n<div class=\"gb-element-7bcf5fdf home-products\">\n<div>\n<figure class=\"gb-element-6fde1300\">\n<img decoding=\"async\" class=\"gb-media-81809c8a\" src=\"https:\/\/tilistudio.eu\/wp-content\/uploads\/2025\/04\/tili-lena-mode-Choose-joy-2.svg\"\/>\n<\/figure>\n\n\n\n<div class=\"categories-3\">\n<a class=\"banner-container\" href=\"https:\/\/tilistudio.eu\/en\/veikals\/?filter_tax_dzimums=26&#038;filter_tax_product_cat=24\">\n<img loading=\"lazy\" decoding=\"async\" width=\"998\" height=\"1500\" class=\"banner-img\" src=\"https:\/\/tilistudio.eu\/wp-content\/uploads\/2025\/03\/tili_studio_top_with-ruffles.jpg\" srcset=\"https:\/\/tilistudio.eu\/wp-content\/uploads\/2025\/03\/tili_studio_top_with-ruffles.jpg 998w, https:\/\/tilistudio.eu\/wp-content\/uploads\/2025\/03\/tili_studio_top_with-ruffles-200x300.jpg 200w, https:\/\/tilistudio.eu\/wp-content\/uploads\/2025\/03\/tili_studio_top_with-ruffles-681x1024.jpg 681w, https:\/\/tilistudio.eu\/wp-content\/uploads\/2025\/03\/tili_studio_top_with-ruffles-768x1154.jpg 768w, https:\/\/tilistudio.eu\/wp-content\/uploads\/2025\/03\/tili_studio_top_with-ruffles-8x12.jpg 8w\" sizes=\"auto, (max-width: 998px) 100vw, 998px\" \/>\n\n\n\n<h3 class=\"gb-text banner-title\">BLOUSES<\/h3>\n<\/a>\n\n\n\n<a class=\"banner-container\" href=\"https:\/\/tilistudio.eu\/en\/veikals\/?filter_tax_dzimums=26&#038;filter_tax_product_cat=21\">\n<img loading=\"lazy\" decoding=\"async\" width=\"998\" height=\"1500\" class=\"banner-img\" src=\"https:\/\/tilistudio.eu\/wp-content\/uploads\/2025\/02\/tili_meitenu_kleita_roza_kupla.jpg\" srcset=\"https:\/\/tilistudio.eu\/wp-content\/uploads\/2025\/02\/tili_meitenu_kleita_roza_kupla.jpg 998w, https:\/\/tilistudio.eu\/wp-content\/uploads\/2025\/02\/tili_meitenu_kleita_roza_kupla-200x300.jpg 200w, https:\/\/tilistudio.eu\/wp-content\/uploads\/2025\/02\/tili_meitenu_kleita_roza_kupla-681x1024.jpg 681w, https:\/\/tilistudio.eu\/wp-content\/uploads\/2025\/02\/tili_meitenu_kleita_roza_kupla-768x1154.jpg 768w, https:\/\/tilistudio.eu\/wp-content\/uploads\/2025\/02\/tili_meitenu_kleita_roza_kupla-8x12.jpg 8w\" sizes=\"auto, (max-width: 998px) 100vw, 998px\" \/>\n\n\n\n<h3 class=\"gb-text banner-title\">DRESSES<\/h3>\n<\/a>\n\n\n\n<a class=\"banner-container\" href=\"https:\/\/tilistudio.eu\/en\/veikals\/?filter_tax_dzimums=26&#038;filter_tax_product_cat=22\">\n<img loading=\"lazy\" decoding=\"async\" width=\"998\" height=\"1500\" class=\"banner-img\" src=\"https:\/\/tilistudio.eu\/wp-content\/uploads\/2025\/02\/tili_studio_rutaini_svarki_meitenu.jpg\" srcset=\"https:\/\/tilistudio.eu\/wp-content\/uploads\/2025\/02\/tili_studio_rutaini_svarki_meitenu.jpg 998w, https:\/\/tilistudio.eu\/wp-content\/uploads\/2025\/02\/tili_studio_rutaini_svarki_meitenu-200x300.jpg 200w, https:\/\/tilistudio.eu\/wp-content\/uploads\/2025\/02\/tili_studio_rutaini_svarki_meitenu-681x1024.jpg 681w, https:\/\/tilistudio.eu\/wp-content\/uploads\/2025\/02\/tili_studio_rutaini_svarki_meitenu-768x1154.jpg 768w, https:\/\/tilistudio.eu\/wp-content\/uploads\/2025\/02\/tili_studio_rutaini_svarki_meitenu-8x12.jpg 8w\" sizes=\"auto, (max-width: 998px) 100vw, 998px\" \/>\n\n\n\n<h3 class=\"gb-text banner-title\">SKIRTS<\/h3>\n<\/a>\n<\/div>\n<\/div>\n<\/div>\n\n\n\n<div class=\"gb-element-f95d9251 home-products\">\n<div class=\"gb-element-7db5d083\"><div class=\"woocommerce columns-4\"><ul class=\"products columns-4\" data-products=\"type-1\" data-hover=\"swap\">\n<li class=\"product type-product post-3918 status-publish first instock product_cat-kleitas has-post-thumbnail taxable shipping-taxable purchasable product-type-variable has-default-attributes\">\n\t<a href=\"https:\/\/tilistudio.eu\/en\/produkti\/light-pink-velvet-dress-with-decorative-ruffles-laura\/\" class=\"woocommerce-LoopProduct-link woocommerce-loop-product__link\"><img loading=\"lazy\" decoding=\"async\" width=\"300\" height=\"300\" src=\"https:\/\/tilistudio.eu\/wp-content\/uploads\/2025\/12\/tili_studio_girls_velvet_dress_pink-300x300.jpg\" class=\"attachment-woocommerce_thumbnail size-woocommerce_thumbnail\" alt=\"POWDER PINK VELVET DRESS WITH DECORATIVE RUFFLE, LAURA\" srcset=\"https:\/\/tilistudio.eu\/wp-content\/uploads\/2025\/12\/tili_studio_girls_velvet_dress_pink-300x300.jpg 300w, https:\/\/tilistudio.eu\/wp-content\/uploads\/2025\/12\/tili_studio_girls_velvet_dress_pink-150x150.jpg 150w, https:\/\/tilistudio.eu\/wp-content\/uploads\/2025\/12\/tili_studio_girls_velvet_dress_pink-100x100.jpg 100w\" sizes=\"auto, (max-width: 300px) 100vw, 300px\" \/><h2 class=\"woocommerce-loop-product__title\">POWDER PINK VELVET DRESS WITH DECORATIVE RUFFLE, LAURA<\/h2>\n\t<span class=\"price\"><span class=\"woocommerce-Price-amount amount\" aria-hidden=\"true\"><bdi><span class=\"woocommerce-Price-currencySymbol\">&euro;<\/span>71.00<\/bdi><\/span> <span aria-hidden=\"true\">&ndash;<\/span> <span class=\"woocommerce-Price-amount amount\" aria-hidden=\"true\"><bdi><span class=\"woocommerce-Price-currencySymbol\">&euro;<\/span>84.00<\/bdi><\/span><span class=\"screen-reader-text\" data-no-translation=\"\" data-trp-gettext=\"\">Price range: &euro;71.00 through &euro;84.00<\/span><\/span>\n<\/a><a href=\"https:\/\/tilistudio.eu\/en\/produkti\/light-pink-velvet-dress-with-decorative-ruffles-laura\/\" aria-describedby=\"woocommerce_loop_add_to_cart_link_describedby_3918\" data-quantity=\"1\" class=\"button product_type_variable add_to_cart_button\" data-product_id=\"3918\" data-product_sku=\"\" aria-label=\"Select options for \u201cGAI\u0160I ROZ\u0100 SAMTA KLEITA AR DEKORAT\u012aVU VOL\u0100NU, LAURA\u201d\" rel=\"nofollow\" data-no-translation=\"\" data-trp-gettext=\"\" data-no-translation-aria-label=\"\">Select options<\/a>\t<span id=\"woocommerce_loop_add_to_cart_link_describedby_3918\" class=\"screen-reader-text\">\n\t\tThis product has multiple variants. The options may be chosen on the product page\t<\/span>\n<\/li>\n<li class=\"product type-product post-3970 status-publish instock product_cat-meteli-zaketes has-post-thumbnail taxable shipping-taxable purchasable product-type-variable has-default-attributes\">\n\t<a href=\"https:\/\/tilistudio.eu\/en\/produkti\/oksforda-zakete-oliver-peleka\/\" class=\"woocommerce-LoopProduct-link woocommerce-loop-product__link\"><img loading=\"lazy\" decoding=\"async\" width=\"300\" height=\"300\" src=\"https:\/\/tilistudio.eu\/wp-content\/uploads\/2026\/01\/oxford-jacket-grey-3-300x300.jpg\" class=\"attachment-woocommerce_thumbnail size-woocommerce_thumbnail\" alt=\"THE OXFORD BLAZER OLIVER, GREY\" srcset=\"https:\/\/tilistudio.eu\/wp-content\/uploads\/2026\/01\/oxford-jacket-grey-3-300x300.jpg 300w, https:\/\/tilistudio.eu\/wp-content\/uploads\/2026\/01\/oxford-jacket-grey-3-150x150.jpg 150w, https:\/\/tilistudio.eu\/wp-content\/uploads\/2026\/01\/oxford-jacket-grey-3-100x100.jpg 100w\" sizes=\"auto, (max-width: 300px) 100vw, 300px\" \/><h2 class=\"woocommerce-loop-product__title\">THE OXFORD BLAZER OLIVER, GREY<\/h2>\n\t<span class=\"price\"><span class=\"woocommerce-Price-amount amount\" aria-hidden=\"true\"><bdi><span class=\"woocommerce-Price-currencySymbol\">&euro;<\/span>95.00<\/bdi><\/span> <span aria-hidden=\"true\">&ndash;<\/span> <span class=\"woocommerce-Price-amount amount\" aria-hidden=\"true\"><bdi><span class=\"woocommerce-Price-currencySymbol\">&euro;<\/span>125.00<\/bdi><\/span><span class=\"screen-reader-text\" data-no-translation=\"\" data-trp-gettext=\"\">Price range: &euro;95.00 through &euro;125.00<\/span><\/span>\n<\/a><a href=\"https:\/\/tilistudio.eu\/en\/produkti\/oksforda-zakete-oliver-peleka\/\" aria-describedby=\"woocommerce_loop_add_to_cart_link_describedby_3970\" data-quantity=\"1\" class=\"button product_type_variable add_to_cart_button\" data-product_id=\"3970\" data-product_sku=\"\" aria-label=\"Select options for \u201cOKSFORDA \u017dAKETE OLIVER, PEL\u0112KA\u201d\" rel=\"nofollow\" data-no-translation=\"\" data-trp-gettext=\"\" data-no-translation-aria-label=\"\">Select options<\/a>\t<span id=\"woocommerce_loop_add_to_cart_link_describedby_3970\" class=\"screen-reader-text\">\n\t\tThis product has multiple variants. The options may be chosen on the product page\t<\/span>\n<\/li>\n<li class=\"product type-product post-3897 status-publish instock product_cat-aksesuari has-post-thumbnail taxable shipping-taxable purchasable product-type-simple\">\n\t<a href=\"https:\/\/tilistudio.eu\/en\/produkti\/samta-matu-gumija-skrancijs-gaisi-roza\/\" class=\"woocommerce-LoopProduct-link woocommerce-loop-product__link\"><img loading=\"lazy\" decoding=\"async\" width=\"300\" height=\"300\" src=\"https:\/\/tilistudio.eu\/wp-content\/uploads\/2025\/12\/tili_studio_velvet_scrunchie_pink-300x300.jpg\" class=\"attachment-woocommerce_thumbnail size-woocommerce_thumbnail\" alt=\"VELVET SCRUNCHIE, POWDER PINK\" srcset=\"https:\/\/tilistudio.eu\/wp-content\/uploads\/2025\/12\/tili_studio_velvet_scrunchie_pink-300x300.jpg 300w, https:\/\/tilistudio.eu\/wp-content\/uploads\/2025\/12\/tili_studio_velvet_scrunchie_pink-150x150.jpg 150w, https:\/\/tilistudio.eu\/wp-content\/uploads\/2025\/12\/tili_studio_velvet_scrunchie_pink-100x100.jpg 100w\" sizes=\"auto, (max-width: 300px) 100vw, 300px\" \/><h2 class=\"woocommerce-loop-product__title\">VELVET SCRUNCHIE, POWDER PINK<\/h2>\n\t<span class=\"price\"><span class=\"woocommerce-Price-amount amount\"><bdi><span class=\"woocommerce-Price-currencySymbol\">&euro;<\/span>12.00<\/bdi><\/span><\/span>\n<\/a><a href=\"\/en\/wp-json\/wp\/v2\/pages\/2?add-to-cart=3897\" aria-describedby=\"woocommerce_loop_add_to_cart_link_describedby_3897\" data-quantity=\"1\" class=\"button product_type_simple add_to_cart_button ajax_add_to_cart\" data-product_id=\"3897\" data-product_sku=\"\" aria-label=\"Add to cart: \u201cSAMTA MATU GUMIJA SKRAN\u010cIJS, GAI\u0160I ROZ\u0100\u201d\" rel=\"nofollow\" data-success_message=\"\u201cSAMTA MATU GUMIJA SKRAN\u010cIJS, GAI\u0160I ROZ\u0100\u201d has been added to your cart\" role=\"button\" data-no-translation=\"\" data-trp-gettext=\"\" data-no-translation-aria-label=\"\" data-no-translation-data-success_message=\"\">Add to cart<\/a>\t<span id=\"woocommerce_loop_add_to_cart_link_describedby_3897\" class=\"screen-reader-text\">\n\t\t\t<\/span>\n<\/li>\n<li class=\"product type-product post-3839 status-publish last instock product_cat-kleitas has-post-thumbnail taxable shipping-taxable purchasable product-type-variable has-default-attributes\">\n\t<a href=\"https:\/\/tilistudio.eu\/en\/produkti\/viskozes-kleita-ar-volaniem-makonu-dejotaja\/\" class=\"woocommerce-LoopProduct-link woocommerce-loop-product__link\"><img loading=\"lazy\" decoding=\"async\" width=\"300\" height=\"300\" src=\"https:\/\/tilistudio.eu\/wp-content\/uploads\/2025\/12\/cloud_dancer_girls_dress_tili_studio-300x300.jpg\" class=\"attachment-woocommerce_thumbnail size-woocommerce_thumbnail\" alt=\"VISCOSE DRESS WITH RUFFLES, CLOUD DANCER\" srcset=\"https:\/\/tilistudio.eu\/wp-content\/uploads\/2025\/12\/cloud_dancer_girls_dress_tili_studio-300x300.jpg 300w, https:\/\/tilistudio.eu\/wp-content\/uploads\/2025\/12\/cloud_dancer_girls_dress_tili_studio-150x150.jpg 150w, https:\/\/tilistudio.eu\/wp-content\/uploads\/2025\/12\/cloud_dancer_girls_dress_tili_studio-100x100.jpg 100w\" sizes=\"auto, (max-width: 300px) 100vw, 300px\" \/><h2 class=\"woocommerce-loop-product__title\">VISCOSE DRESS WITH RUFFLES, CLOUD DANCER<\/h2>\n\t<span class=\"price\"><span class=\"woocommerce-Price-amount amount\" aria-hidden=\"true\"><bdi><span class=\"woocommerce-Price-currencySymbol\">&euro;<\/span>67.00<\/bdi><\/span> <span aria-hidden=\"true\">&ndash;<\/span> <span class=\"woocommerce-Price-amount amount\" aria-hidden=\"true\"><bdi><span class=\"woocommerce-Price-currencySymbol\">&euro;<\/span>77.00<\/bdi><\/span><span class=\"screen-reader-text\" data-no-translation=\"\" data-trp-gettext=\"\">Price range: &euro;67.00 through &euro;77.00<\/span><\/span>\n<\/a><a href=\"https:\/\/tilistudio.eu\/en\/produkti\/viskozes-kleita-ar-volaniem-makonu-dejotaja\/\" aria-describedby=\"woocommerce_loop_add_to_cart_link_describedby_3839\" data-quantity=\"1\" class=\"button product_type_variable add_to_cart_button\" data-product_id=\"3839\" data-product_sku=\"\" aria-label=\"Select options for \u201cVISKOZES KLEITA AR VOL\u0100NIEM, M\u0100KO\u0145U DEJOT\u0100JA\u201d\" rel=\"nofollow\" data-no-translation=\"\" data-trp-gettext=\"\" data-no-translation-aria-label=\"\">Select options<\/a>\t<span id=\"woocommerce_loop_add_to_cart_link_describedby_3839\" class=\"screen-reader-text\">\n\t\tThis product has multiple variants. The options may be chosen on the product page\t<\/span>\n<\/li>\n<\/ul>\n<\/div>\n<\/div>\n<\/div>\n\n\n\n<div class=\"gb-element-f8fd6318 home-products\">\n<div class=\"categories-3 gb-element-30d9a47b\">\n<div class=\"gb-element-f79b3e4d\">\n<h2 class=\"gb-text gb-text-492d5b2c\">CHILDHOOD. JOY. ADVENTURE.\u00a0\u00a0<\/h2>\n\n\n\n<p class=\"gb-text gb-text-853b2778\">In the world of Tili, we create clothing for joyful children and their grand adventures -  from carefree cocoa mornings with parents to playful pigeon feeding at the park. We design fashion that is intuitive, comfortable and thoughtful, offering matching sets for brothers and sisters.<\/p>\n<\/div>\n\n\n\n<a class=\"banner-container\" href=\"https:\/\/tilistudio.eu\/en\/veikals\/?filter_tax_dzimums=27\">\n<img loading=\"lazy\" decoding=\"async\" width=\"832\" height=\"1248\" class=\"banner-img\" src=\"https:\/\/tilistudio.eu\/wp-content\/uploads\/2026\/02\/boys-pink-shirt-tili-studio-1-1.jpg\" srcset=\"https:\/\/tilistudio.eu\/wp-content\/uploads\/2026\/02\/boys-pink-shirt-tili-studio-1-1.jpg 832w, https:\/\/tilistudio.eu\/wp-content\/uploads\/2026\/02\/boys-pink-shirt-tili-studio-1-1-200x300.jpg 200w, https:\/\/tilistudio.eu\/wp-content\/uploads\/2026\/02\/boys-pink-shirt-tili-studio-1-1-683x1024.jpg 683w, https:\/\/tilistudio.eu\/wp-content\/uploads\/2026\/02\/boys-pink-shirt-tili-studio-1-1-768x1152.jpg 768w, https:\/\/tilistudio.eu\/wp-content\/uploads\/2026\/02\/boys-pink-shirt-tili-studio-1-1-8x12.jpg 8w\" sizes=\"auto, (max-width: 832px) 100vw, 832px\" \/>\n\n\n\n<h3 class=\"gb-text banner-title\">BOYS<\/h3>\n<\/a>\n\n\n\n<a class=\"banner-container\" href=\"https:\/\/tilistudio.eu\/en\/veikals\/?filter_tax_dzimums=26\">\n<img loading=\"lazy\" decoding=\"async\" width=\"998\" height=\"1500\" class=\"banner-img\" src=\"https:\/\/tilistudio.eu\/wp-content\/uploads\/2025\/02\/tili_viskozes_kleita_coralle_meitenu.jpg\" srcset=\"https:\/\/tilistudio.eu\/wp-content\/uploads\/2025\/02\/tili_viskozes_kleita_coralle_meitenu.jpg 998w, https:\/\/tilistudio.eu\/wp-content\/uploads\/2025\/02\/tili_viskozes_kleita_coralle_meitenu-200x300.jpg 200w, https:\/\/tilistudio.eu\/wp-content\/uploads\/2025\/02\/tili_viskozes_kleita_coralle_meitenu-681x1024.jpg 681w, https:\/\/tilistudio.eu\/wp-content\/uploads\/2025\/02\/tili_viskozes_kleita_coralle_meitenu-768x1154.jpg 768w, https:\/\/tilistudio.eu\/wp-content\/uploads\/2025\/02\/tili_viskozes_kleita_coralle_meitenu-8x12.jpg 8w\" sizes=\"auto, (max-width: 998px) 100vw, 998px\" \/>\n\n\n\n<h3 class=\"gb-text banner-title\">GIRLS<\/h3>\n<\/a>\n<\/div>\n<\/div>\n\n\n\n<div class=\"gb-element-c0d9f8c4 home-products\">\n<div class=\"gb-element-bca4115c\"><div id=\"trustindex-feed-container-instagram-8569df318c3898b\"><\/div>\n<\/div>\n<\/div>","protected":false},"excerpt":{"rendered":"<p>Bl\u016bzes Kleitas Sv\u0101rki B\u0113rn\u012bba. Prieks. Piedz\u012bvojums.\u00a0\u00a0 Tili pasaul\u0113 top ap\u0123\u0113rbi priec\u012bgiem b\u0113rniem un vi\u0146u lielajiem piedz\u012bvojumiem &#8211; no bezr\u016bp\u012bgiem kakao r\u012btiem kop\u0101 ar vec\u0101kiem l\u012bdz jautrai balo\u017eu baro\u0161anai park\u0101. M\u0113s rad\u0101m modi, kas ir viegli saprotama, \u0113rta un p\u0101rdom\u0101ta, pied\u0101v\u0101jot saska\u0146otus komplektus br\u0101\u013ciem un m\u0101s\u0101m. Z\u0113niem Meiten\u0113m<\/p>","protected":false},"author":1,"featured_media":0,"parent":0,"menu_order":0,"comment_status":"closed","ping_status":"closed","template":"","meta":{"_acf_changed":false,"footnotes":""},"class_list":["post-2","page","type-page","status-publish","hentry"],"blocksy_meta":{"has_hero_section":"disabled","vertical_spacing_source":"custom","content_area_spacing":"none","styles_descriptor":{"styles":{"desktop":"","tablet":"","mobile":""},"google_fonts":[],"version":6}},"acf":[],"_links":{"self":[{"href":"https:\/\/tilistudio.eu\/en\/wp-json\/wp\/v2\/pages\/2","targetHints":{"allow":["GET"]}}],"collection":[{"href":"https:\/\/tilistudio.eu\/en\/wp-json\/wp\/v2\/pages"}],"about":[{"href":"https:\/\/tilistudio.eu\/en\/wp-json\/wp\/v2\/types\/page"}],"author":[{"embeddable":true,"href":"https:\/\/tilistudio.eu\/en\/wp-json\/wp\/v2\/users\/1"}],"replies":[{"embeddable":true,"href":"https:\/\/tilistudio.eu\/en\/wp-json\/wp\/v2\/comments?post=2"}],"version-history":[{"count":135,"href":"https:\/\/tilistudio.eu\/en\/wp-json\/wp\/v2\/pages\/2\/revisions"}],"predecessor-version":[{"id":4342,"href":"https:\/\/tilistudio.eu\/en\/wp-json\/wp\/v2\/pages\/2\/revisions\/4342"}],"wp:attachment":[{"href":"https:\/\/tilistudio.eu\/en\/wp-json\/wp\/v2\/media?parent=2"}],"curies":[{"name":"wp","href":"https:\/\/api.w.org\/{rel}","templated":true}]}}